{"id":7,"date":"2025-02-01T02:23:29","date_gmt":"2025-02-01T01:23:29","guid":{"rendered":"https:\/\/nayou-cafe.com\/?page_id=7"},"modified":"2025-02-01T15:03:28","modified_gmt":"2025-02-01T14:03:28","slug":"elementor-7","status":"publish","type":"page","link":"https:\/\/nayou-cafe.com\/","title":{"rendered":""},"content":{"rendered":"\t\t<div data-elementor-type=\"wp-post\" data-elementor-id=\"7\" class=\"elementor elementor-7\" data-elementor-post-type=\"page\">\n\t\t\t\t<div class=\"elementor-element elementor-element-e1dfde6 e-flex e-con-boxed e-con e-parent\" data-id=\"e1dfde6\" data-element_type=\"container\">\n\t\t\t\t\t<div class=\"e-con-inner\">\n\t\t\t\t<div class=\"elementor-element elementor-element-beb481a elementor-widget elementor-widget-image\" data-id=\"beb481a\" data-element_type=\"widget\" data-widget_type=\"image.default\">\n\t\t\t\t<div class=\"elementor-widget-container\">\n\t\t\t\t\t\t\t\t\t\t\t\t\t\t\t<img decoding=\"async\" width=\"150\" height=\"150\" src=\"https:\/\/nayou-cafe.com\/wp-content\/uploads\/2025\/02\/Nayou-Square-full-03-150x150.png\" class=\"attachment-thumbnail size-thumbnail wp-image-17\" alt=\"\" srcset=\"https:\/\/nayou-cafe.com\/wp-content\/uploads\/2025\/02\/Nayou-Square-full-03-150x150.png 150w, https:\/\/nayou-cafe.com\/wp-content\/uploads\/2025\/02\/Nayou-Square-full-03-300x300.png 300w, https:\/\/nayou-cafe.com\/wp-content\/uploads\/2025\/02\/Nayou-Square-full-03-1024x1024.png 1024w, https:\/\/nayou-cafe.com\/wp-content\/uploads\/2025\/02\/Nayou-Square-full-03-768x768.png 768w, https:\/\/nayou-cafe.com\/wp-content\/uploads\/2025\/02\/Nayou-Square-full-03-1536x1536.png 1536w, https:\/\/nayou-cafe.com\/wp-content\/uploads\/2025\/02\/Nayou-Square-full-03-2048x2048.png 2048w\" sizes=\"(max-width: 150px) 100vw, 150px\" \/>\t\t\t\t\t\t\t\t\t\t\t\t\t\t\t<\/div>\n\t\t\t\t<\/div>\n\t\t\t\t\t<\/div>\n\t\t\t\t<\/div>\n\t\t\t\t<section class=\"elementor-section elementor-top-section elementor-element elementor-element-1316bf3 elementor-section-stretched elementor-section-height-min-height elementor-section-content-middle elementor-section-boxed elementor-section-height-default elementor-section-items-middle\" data-id=\"1316bf3\" data-element_type=\"section\" data-settings=\"{&quot;stretch_section&quot;:&quot;section-stretched&quot;,&quot;background_background&quot;:&quot;classic&quot;}\">\n\t\t\t\t\t\t\t<div class=\"elementor-background-overlay\"><\/div>\n\t\t\t\t\t\t\t<div class=\"elementor-container elementor-column-gap-default\">\n\t\t\t\t\t<div class=\"elementor-column elementor-col-50 elementor-top-column elementor-element elementor-element-5ad175ed\" data-id=\"5ad175ed\" data-element_type=\"column\">\n\t\t\t<div class=\"elementor-widget-wrap elementor-element-populated\">\n\t\t\t\t\t\t<div class=\"elementor-element elementor-element-44c3f7cd elementor-widget elementor-widget-heading\" data-id=\"44c3f7cd\" data-element_type=\"widget\" data-widget_type=\"heading.default\">\n\t\t\t\t<div class=\"elementor-widget-container\">\n\t\t\t\t\t<h2 class=\"elementor-heading-title elementor-size-default\">Coming Soon <\/h2>\t\t\t\t<\/div>\n\t\t\t\t<\/div>\n\t\t\t\t<div class=\"elementor-element elementor-element-76303ab9 elementor-widget elementor-widget-text-editor\" data-id=\"76303ab9\" data-element_type=\"widget\" data-widget_type=\"text-editor.default\">\n\t\t\t\t<div class=\"elementor-widget-container\">\n\t\t\t\t\t\t\t\t\t<p>Nayou Caf\u00e9 vous ouvre ses portes bient\u00f4t \u00e0 Montpellier<\/p>\t\t\t\t\t\t\t\t<\/div>\n\t\t\t\t<\/div>\n\t\t\t\t\t<\/div>\n\t\t<\/div>\n\t\t\t\t<div class=\"elementor-column elementor-col-50 elementor-top-column elementor-element elementor-element-54a174e8\" data-id=\"54a174e8\" data-element_type=\"column\">\n\t\t\t<div class=\"elementor-widget-wrap elementor-element-populated\">\n\t\t\t\t\t\t<div class=\"elementor-element elementor-element-59aca5e3 elementor-widget elementor-widget-image\" data-id=\"59aca5e3\" data-element_type=\"widget\" data-widget_type=\"image.default\">\n\t\t\t\t<div class=\"elementor-widget-container\">\n\t\t\t\t\t\t\t\t\t\t\t\t\t\t\t<img fetchpriority=\"high\" decoding=\"async\" width=\"800\" height=\"782\" src=\"https:\/\/nayou-cafe.com\/wp-content\/uploads\/2025\/02\/nathan-dumlao-487461-unsplash-1024x1001.png\" class=\"attachment-large size-large wp-image-13\" alt=\"\" srcset=\"https:\/\/nayou-cafe.com\/wp-content\/uploads\/2025\/02\/nathan-dumlao-487461-unsplash-1024x1001.png 1024w, https:\/\/nayou-cafe.com\/wp-content\/uploads\/2025\/02\/nathan-dumlao-487461-unsplash-300x293.png 300w, https:\/\/nayou-cafe.com\/wp-content\/uploads\/2025\/02\/nathan-dumlao-487461-unsplash-768x750.png 768w, https:\/\/nayou-cafe.com\/wp-content\/uploads\/2025\/02\/nathan-dumlao-487461-unsplash.png 1447w\" sizes=\"(max-width: 800px) 100vw, 800px\" \/>\t\t\t\t\t\t\t\t\t\t\t\t\t\t\t<\/div>\n\t\t\t\t<\/div>\n\t\t\t\t\t<\/div>\n\t\t<\/div>\n\t\t\t\t\t<\/div>\n\t\t<\/section>\n\t\t\t\t<section class=\"elementor-section elementor-top-section elementor-element elementor-element-44f28db3 elementor-section-boxed elementor-section-height-default elementor-section-height-default\" data-id=\"44f28db3\" data-element_type=\"section\">\n\t\t\t\t\t\t<div class=\"elementor-container elementor-column-gap-default\">\n\t\t\t\t\t<div class=\"elementor-column elementor-col-100 elementor-top-column elementor-element elementor-element-750747b6\" data-id=\"750747b6\" data-element_type=\"column\">\n\t\t\t<div class=\"elementor-widget-wrap elementor-element-populated\">\n\t\t\t\t\t\t<div class=\"elementor-element elementor-element-4d21f7b6 elementor-widget elementor-widget-google_maps\" data-id=\"4d21f7b6\" data-element_type=\"widget\" data-widget_type=\"google_maps.default\">\n\t\t\t\t<div class=\"elementor-widget-container\">\n\t\t\t\t\t\t\t<div class=\"elementor-custom-embed\">\n\t\t\t<iframe loading=\"lazy\"\n\t\t\t\t\tsrc=\"https:\/\/maps.google.com\/maps?q=18%20boulevard%20Louis%20Blanc%2034090%20Montpellier&#038;t=m&#038;z=18&#038;output=embed&#038;iwloc=near\"\n\t\t\t\t\ttitle=\"18 boulevard Louis Blanc 34090 Montpellier\"\n\t\t\t\t\taria-label=\"18 boulevard Louis Blanc 34090 Montpellier\"\n\t\t\t><\/iframe>\n\t\t<\/div>\n\t\t\t\t\t\t<\/div>\n\t\t\t\t<\/div>\n\t\t\t\t\t<\/div>\n\t\t<\/div>\n\t\t\t\t\t<\/div>\n\t\t<\/section>\n\t\t\t\t<section class=\"elementor-section elementor-top-section elementor-element elementor-element-6e858acf elementor-section-boxed elementor-section-height-default elementor-section-height-default\" data-id=\"6e858acf\" data-element_type=\"section\">\n\t\t\t\t\t\t<div class=\"elementor-container elementor-column-gap-default\">\n\t\t\t\t\t<div class=\"elementor-column elementor-col-100 elementor-top-column elementor-element elementor-element-3600b9b2\" data-id=\"3600b9b2\" data-element_type=\"column\">\n\t\t\t<div class=\"elementor-widget-wrap elementor-element-populated\">\n\t\t\t\t\t\t<div class=\"elementor-element elementor-element-137f1828 elementor-widget elementor-widget-heading\" data-id=\"137f1828\" data-element_type=\"widget\" data-widget_type=\"heading.default\">\n\t\t\t\t<div class=\"elementor-widget-container\">\n\t\t\t\t\t<h2 class=\"elementor-heading-title elementor-size-default\">Nous rendre visite<\/h2>\t\t\t\t<\/div>\n\t\t\t\t<\/div>\n\t\t\t\t<div class=\"elementor-element elementor-element-25cc1c4e elementor-widget elementor-widget-heading\" data-id=\"25cc1c4e\" data-element_type=\"widget\" data-widget_type=\"heading.default\">\n\t\t\t\t<div class=\"elementor-widget-container\">\n\t\t\t\t\t<h2 class=\"elementor-heading-title elementor-size-default\">Montpellier<\/h2>\t\t\t\t<\/div>\n\t\t\t\t<\/div>\n\t\t\t\t<div class=\"elementor-element elementor-element-6d8ba417 elementor-widget elementor-widget-text-editor\" data-id=\"6d8ba417\" data-element_type=\"widget\" data-widget_type=\"text-editor.default\">\n\t\t\t\t<div class=\"elementor-widget-container\">\n\t\t\t\t\t\t\t\t\t<p>18 Boulevard Louis Blanc<\/p>\t\t\t\t\t\t\t\t<\/div>\n\t\t\t\t<\/div>\n\t\t\t\t\t<\/div>\n\t\t<\/div>\n\t\t\t\t\t<\/div>\n\t\t<\/section>\n\t\t\t\t<\/div>\n\t\t","protected":false},"excerpt":{"rendered":"<p>Coming Soon Nayou Caf\u00e9 vous ouvre ses portes bient\u00f4t \u00e0 Montpellier Nous rendre visite Montpellier 18 Boulevard Louis Blanc<\/p>\n","protected":false},"author":1,"featured_media":0,"parent":0,"menu_order":0,"comment_status":"closed","ping_status":"closed","template":"","meta":{"footnotes":""},"class_list":["post-7","page","type-page","status-publish","hentry"],"_links":{"self":[{"href":"https:\/\/nayou-cafe.com\/index.php\/wp-json\/wp\/v2\/pages\/7","targetHints":{"allow":["GET"]}}],"collection":[{"href":"https:\/\/nayou-cafe.com\/index.php\/wp-json\/wp\/v2\/pages"}],"about":[{"href":"https:\/\/nayou-cafe.com\/index.php\/wp-json\/wp\/v2\/types\/page"}],"author":[{"embeddable":true,"href":"https:\/\/nayou-cafe.com\/index.php\/wp-json\/wp\/v2\/users\/1"}],"replies":[{"embeddable":true,"href":"https:\/\/nayou-cafe.com\/index.php\/wp-json\/wp\/v2\/comments?post=7"}],"version-history":[{"count":14,"href":"https:\/\/nayou-cafe.com\/index.php\/wp-json\/wp\/v2\/pages\/7\/revisions"}],"predecessor-version":[{"id":45,"href":"https:\/\/nayou-cafe.com\/index.php\/wp-json\/wp\/v2\/pages\/7\/revisions\/45"}],"wp:attachment":[{"href":"https:\/\/nayou-cafe.com\/index.php\/wp-json\/wp\/v2\/media?parent=7"}],"curies":[{"name":"wp","href":"https:\/\/api.w.org\/{rel}","templated":true}]}}